{"id":616,"date":"2023-09-28T16:01:21","date_gmt":"2023-09-28T19:01:21","guid":{"rendered":"https:\/\/butacaonce.com\/?page_id=616"},"modified":"2024-02-16T10:11:08","modified_gmt":"2024-02-16T13:11:08","slug":"trabajos","status":"publish","type":"page","link":"https:\/\/butacaonce.com\/index.php\/trabajos\/","title":{"rendered":""},"content":{"rendered":"\n<div class=\"wp-block-cover alignfull is-light\" style=\"min-height:100px;aspect-ratio:unset;\"><span aria-hidden=\"true\" class=\"wp-block-cover__background has-heading-background-color has-background-dim-100 has-background-dim\"><\/span><div class=\"wp-block-cover__inner-container has-global-padding is-layout-constrained wp-block-cover-is-layout-constrained\">\n<p class=\"has-text-align-center has-text-color has-large-font-size\" style=\"color:#f5f5f5\"><\/p>\n\n\n\n<h3 class=\"wp-block-heading has-large-font-size\">Trabajos<\/h3>\n<\/div><\/div>\n\n\n\n<div class=\"wp-block-cover alignfull is-light\" style=\"margin-top:0;margin-bottom:0;padding-top:0;padding-right:0;padding-bottom:0;padding-left:0;min-height:450px;aspect-ratio:unset;\"><span aria-hidden=\"true\" class=\"wp-block-cover__background has-body-text-background-color has-background-dim-100 has-background-dim\"><\/span><div class=\"wp-block-cover__inner-container has-global-padding is-layout-constrained wp-container-core-cover-is-layout-8f6f1862 wp-block-cover-is-layout-constrained\">\n<div class=\"wp-block-columns is-layout-flex wp-container-core-columns-is-layout-28f84493 wp-block-columns-is-layout-flex\">\n<div class=\"wp-block-column is-layout-flow wp-block-column-is-layout-flow\" style=\"flex-basis:100%\">\n<figure class=\"wp-block-image aligncenter size-full\"><img loading=\"lazy\" decoding=\"async\" width=\"222\" height=\"98\" src=\"https:\/\/butacaonce.com\/wp-content\/uploads\/2023\/09\/B11_brand_cs6-08.png\" alt=\"\" class=\"wp-image-384\"\/><\/figure>\n<\/div>\n<\/div>\n\n\n\n<!DOCTYPE html>\n<html lang=\"en\">\n<head>\n    <meta charset=\"UTF-8\">\n    <meta http-equiv=\"X-UA-Compatible\" content=\"IE=edge\">\n    <meta name=\"viewport\" content=\"width=device-width, initial-scale=1.0\">\n    <title>Document<\/title>\n    <link rel=\"stylesheet\" href=\"styles.css\">\n<\/head>\n<componente>\n    <div class=\"card\">\n        <div class=\"face front\">\n            <img decoding=\"async\" src=\"https:\/\/butacaonce.com\/wp-content\/uploads\/2023\/09\/02-01.jpg\" alt=\"\">\n            <h3>AUDIOVISUALES (AV)<\/h3>\n        <\/div>\n        <div class=\"face back\">\n            <h3>Serie NATIVO, Paisajes Gastron\u00f3micos<\/h3>\n                       <div class=\"link\">\n                <a href=\"https:\/\/www.youtube.com\/watch?v=JAPtmKWBEmI\">Ver video<\/a>\n            <\/div>\n        <\/div>\n    <\/div>\n\n    <div class=\"card\">\n        <div class=\"face front\">\n            <img decoding=\"async\" src=\"https:\/\/butacaonce.com\/wp-content\/uploads\/2023\/09\/03-01.jpg\" alt=\"\">\n            <h3>AUDIOVISUALES (AV)<\/h3>\n        <\/div>\n        <div class=\"face back\">\n            <h3>SLEEPY (Spot Dulces Sue\u00f1os)<\/h3>\n                      <div class=\"link\">\n                <a href=\"https:\/\/www.youtube.com\/watch?v=r9-2cw23MA8\">Ver video<\/a>\n            <\/div>\n        <\/div>\n    <\/div>\n    <div class=\"card\">\n        <div class=\"face front\">\n            <img decoding=\"async\" src=\"https:\/\/butacaonce.com\/wp-content\/uploads\/2023\/09\/01-01.jpg\" alt=\"\">\n            <h3>AUDIOVISUALES (AV)<\/h3>\n        <\/div>\n        <div class=\"face back\">\n            <h3>ANVIL LABS<\/h3>\n          \n            <div class=\"link\">\n                <a href=\"https:\/\/www.youtube.com\/watch?v=w_FTzeZ-5tg\">Ver video<\/a>\n            <\/div>\n        <\/div>\n    <\/div>\n  <\/div>\n    \n    \n<\/componente>\n<\/html>\n\n\n\n<p><\/p>\n<\/div><\/div>\n\n\n\n<div class=\"wp-block-cover is-light\" style=\"margin-top:0;margin-bottom:0;min-height:100px;aspect-ratio:unset;\"><span aria-hidden=\"true\" class=\"wp-block-cover__background has-heading-background-color has-background-dim-100 has-background-dim\"><\/span><div class=\"wp-block-cover__inner-container has-global-padding is-layout-constrained wp-block-cover-is-layout-constrained\">\n<p class=\"has-text-align-center has-text-color has-large-font-size\" style=\"color:#f5f5f5\"><\/p>\n\n\n\n<p>M\u00e1s trabajos de Producci\u00f3n Audiovisual: <a href=\"https:\/\/www.youtube.com\/watch?v=_hqh0izrJJQ\" data-type=\"link\" data-id=\"https:\/\/www.youtube.com\/watch?v=_hqh0izrJJQ\">FANTA (Spot FANTA MANZANA Microondas)<\/a>, <a href=\"https:\/\/www.youtube.com\/watch?v=3oejlHK9VG4\" data-type=\"link\" data-id=\"https:\/\/www.youtube.com\/watch?v=3oejlHK9VG4\">APEX Ultra<\/a>, <a href=\"https:\/\/www.youtube.com\/watch?v=rHXn6Jg1jn4\" data-type=\"link\" data-id=\"https:\/\/www.youtube.com\/watch?v=rHXn6Jg1jn4\">HOLCIM (Proyecto ALAS)<\/a>, <a href=\"https:\/\/www.youtube.com\/watch?v=YVJARa1GR60\" data-type=\"link\" data-id=\"https:\/\/www.youtube.com\/watch?v=YVJARa1GR60\">ECOGAS<\/a>, <a href=\"https:\/\/www.youtube.com\/watch?v=_Du2K_ZHzYs\" data-type=\"link\" data-id=\"https:\/\/www.youtube.com\/watch?v=_Du2K_ZHzYs\">APEX Somos Futuro<\/a>, <a href=\"https:\/\/www.youtube.com\/watch?v=8jH7mkfumDQ\" data-type=\"link\" data-id=\"https:\/\/www.youtube.com\/watch?v=8jH7mkfumDQ\">Serie CIMIENTOS<\/a>, <a href=\"https:\/\/www.youtube.com\/watch?v=yBjuqvuS7yA\" data-type=\"link\" data-id=\"https:\/\/www.youtube.com\/watch?v=yBjuqvuS7yA\">APEX Way<\/a><\/p>\n\n\n\n<p><\/p>\n<\/div><\/div>\n\n\n\n<div class=\"wp-block-cover alignfull is-light\" style=\"margin-top:0;margin-bottom:0;padding-top:0;padding-right:0;padding-bottom:0;padding-left:0;min-height:450px;aspect-ratio:unset;\"><span aria-hidden=\"true\" class=\"wp-block-cover__background has-body-text-background-color has-background-dim-100 has-background-dim\"><\/span><div class=\"wp-block-cover__inner-container has-global-padding is-layout-constrained wp-container-core-cover-is-layout-72190d31 wp-block-cover-is-layout-constrained\">\n<div class=\"wp-block-columns is-layout-flex wp-container-core-columns-is-layout-28f84493 wp-block-columns-is-layout-flex\">\n<div class=\"wp-block-column is-layout-flow wp-block-column-is-layout-flow\" style=\"flex-basis:100%\">\n<figure class=\"wp-block-image aligncenter size-full\"><img loading=\"lazy\" decoding=\"async\" width=\"222\" height=\"98\" src=\"https:\/\/butacaonce.com\/wp-content\/uploads\/2023\/09\/XP-08.png\" alt=\"\" class=\"wp-image-389\"\/><\/figure>\n<\/div>\n<\/div>\n\n\n\n<!DOCTYPE html>\n<html lang=\"en\">\n<head>\n    <meta charset=\"UTF-8\">\n    <meta http-equiv=\"X-UA-Compatible\" content=\"IE=edge\">\n    <meta name=\"viewport\" content=\"width=device-width, initial-scale=1.0\">\n    <title>Document<\/title>\n    <link rel=\"stylesheet\" href=\"styles.css\">\n<\/head>\n<componente>\n    <div class=\"card\">\n        <div class=\"face front\">\n            <img decoding=\"async\" src=\"https:\/\/butacaonce.com\/wp-content\/uploads\/2023\/09\/01_01.jpg\" alt=\"\">\n            <h3>EVENTOS CULTURALES (EX)<\/h3>\n        <\/div>\n        <div class=\"face back\">\n            <h3>III BIENAL C\u00d3RDOBA CIUDAD DISE\u00d1O 2022<\/h3>\n                       <div class=\"link\">\n                <a href=\"https:\/\/www.youtube.com\/watch?v=mHiuNw_mnmk\">Ver video<\/a>\n            <\/div>\n        <\/div>\n    <\/div>\n\n    <div class=\"card\">\n        <div class=\"face front\">\n            <img decoding=\"async\" src=\"https:\/\/butacaonce.com\/wp-content\/uploads\/2023\/09\/02-01-1.jpg\" alt=\"\">\n            <h3>EVENTOS CULTURALES (EX)<\/h3>\n        <\/div>\n        <div class=\"face back\">\n            <h3>INTERVENCI\u00d3N LA VIDA FLUYE (La Coopi)<\/h3>\n           \n            <div class=\"link\">\n                <a href=\"https:\/\/www.youtube.com\/watch?v=KBwI4ekpg4U\">Ver video<\/a>\n            <\/div>\n        <\/div>\n    <\/div>\n    <div class=\"card\">\n        <div class=\"face front\">\n            <img decoding=\"async\" src=\"https:\/\/butacaonce.com\/wp-content\/uploads\/2023\/09\/03-01-1.jpg\" alt=\"\">\n            <h3>EVENTOS CULTURALES (EX)<\/h3>\n        <\/div>\n        <div class=\"face back\">\n            <h3>50\u00b0 FERIA DE CIENCIA Y TECNOLOG\u00cdA DE LA PROVINCIA<\/h3>\n            \n            <div class=\"link\">\n                <a href=\"https:\/\/www.youtube.com\/watch?v=vlpwb5glKRg\">Ver video<\/a>\n            <\/div>\n        <\/div>\n    <\/div>\n  <\/div>\n    \n    \n<\/componente>\n<\/html>\n<\/div><\/div>\n\n\n\n<div class=\"wp-block-cover alignwide is-light\" style=\"margin-top:0;margin-bottom:0;min-height:100px;aspect-ratio:unset;\"><span aria-hidden=\"true\" class=\"wp-block-cover__background has-heading-background-color has-background-dim-100 has-background-dim\"><\/span><div class=\"wp-block-cover__inner-container has-global-padding is-layout-constrained wp-block-cover-is-layout-constrained\">\n<p class=\"has-text-align-center has-text-color has-large-font-size\" style=\"color:#f5f5f5\"><\/p>\n\n\n\n<p>M\u00e1s trabajos de Producci\u00f3n de Eventos: <a href=\"https:\/\/www.youtube.com\/watch?v=YyBpqaxk6TQ\" data-type=\"link\" data-id=\"https:\/\/www.youtube.com\/watch?v=_hqh0izrJJQ\">II Bienal C\u00f3rdoba Ciudad Dise\u00f1o 2018 actividades paralelas<\/a>, <a href=\"https:\/\/www.youtube.com\/watch?v=LOLUl6VayoY\" data-type=\"link\" data-id=\"https:\/\/www.youtube.com\/watch?v=3oejlHK9VG4\">II Bienal C\u00f3rdoba ciudad dise\u00f1o 2018 Toco Madera<\/a>, <a href=\"https:\/\/youtu.be\/ZjTui2pUvLc?feature=shared\" data-type=\"link\" data-id=\"https:\/\/www.youtube.com\/watch?v=rHXn6Jg1jn4\">II Bienal C\u00f3rdoba Ciudad dise\u00f1o 2018 Congreso de Dise\u00f1o<\/a>, <a href=\"https:\/\/www.youtube.com\/watch?v=W7tL8gl5zc0\" data-type=\"link\" data-id=\"https:\/\/www.youtube.com\/watch?v=YVJARa1GR60\">II Bienal C\u00f3rdoba ciudad dise\u00f1o 2018  Video Resumen<\/a>, <a href=\"https:\/\/www.youtube.com\/watch?v=8eMk5LmbChE\" data-type=\"link\" data-id=\"https:\/\/www.youtube.com\/watch?v=_Du2K_ZHzYs\">Proyecto Uni\u00f3n Europea<\/a>, <a href=\"https:\/\/www.youtube.com\/watch?v=3PXvlF-Br4Y\" data-type=\"link\" data-id=\"https:\/\/www.youtube.com\/watch?v=8jH7mkfumDQ\">I Bienal C\u00f3rdoba Ciudad Dise\u00f1o<\/a>, <a href=\"https:\/\/www.youtube.com\/watch?v=KU8711uHBGk\" data-type=\"link\" data-id=\"https:\/\/www.youtube.com\/watch?v=yBjuqvuS7yA\">Betania Evento Nazareno Platinum<\/a><\/p>\n\n\n\n<p><\/p>\n<\/div><\/div>\n\n\n\n<div class=\"wp-block-cover alignwide is-light\" style=\"margin-top:0;margin-bottom:0;padding-top:0;padding-right:0;padding-bottom:0;padding-left:0;min-height:450px;aspect-ratio:unset;\"><span aria-hidden=\"true\" class=\"wp-block-cover__background has-body-text-background-color has-background-dim-100 has-background-dim\"><\/span><div class=\"wp-block-cover__inner-container is-layout-flow wp-block-cover-is-layout-flow\">\n<div class=\"wp-block-columns is-layout-flex wp-container-core-columns-is-layout-28f84493 wp-block-columns-is-layout-flex\">\n<div class=\"wp-block-column is-layout-flow wp-block-column-is-layout-flow\" style=\"flex-basis:100%\">\n<figure class=\"wp-block-image aligncenter size-full\"><img loading=\"lazy\" decoding=\"async\" width=\"223\" height=\"101\" src=\"https:\/\/butacaonce.com\/wp-content\/uploads\/2024\/01\/marketing-digital-08.png\" alt=\"\" class=\"wp-image-737\"\/><\/figure>\n<\/div>\n<\/div>\n\n\n\n<!DOCTYPE html>\n<html lang=\"en\">\n<head>\n    <meta charset=\"UTF-8\">\n    <meta http-equiv=\"X-UA-Compatible\" content=\"IE=edge\">\n    <meta name=\"viewport\" content=\"width=device-width, initial-scale=1.0\">\n    <title>Document<\/title>\n    <link rel=\"stylesheet\" href=\"styles.css\">\n<\/head>\n<componente>\n    <div class=\"card\">\n        <div class=\"face front\">\n            <img decoding=\"async\" src=\"https:\/\/butacaonce.com\/wp-content\/uploads\/2023\/09\/01-01-1.jpg\" alt=\"\">\n            <h3>MARKETING DIGITAL (DI)<\/h3>\n        <\/div>\n        <div class=\"face back\">\n            <h3>FADA D\u00eda del Agrimensor<\/h3>\n                      <div class=\"link\">\n                <a href=\"https:\/\/www.youtube.com\/watch?v=ZEmG1O9Rn04\">Ver video<\/a>\n            <\/div>\n        <\/div>\n    <\/div>\n\n    <div class=\"card\">\n        <div class=\"face front\">\n            <img decoding=\"async\" src=\"https:\/\/butacaonce.com\/wp-content\/uploads\/2023\/09\/02-01-2.jpg\" alt=\"\">\n            <h3>MARKETING DIGITAL (DI)<\/h3>\n        <\/div>\n        <div class=\"face back\">\n            <h3>CRUX Encuentros en SINTRA<\/h3>\n                        <div class=\"link\">\n                <a href=\"https:\/\/youtu.be\/S0U6akD7bFg?feature=shared\">Ver video<\/a>\n            <\/div>\n        <\/div>\n    <\/div>\n    <div class=\"card\">\n        <div class=\"face front\">\n            <img decoding=\"async\" src=\"https:\/\/butacaonce.com\/wp-content\/uploads\/2023\/09\/03-01-2.jpg\" alt=\"\">\n            <h3>MARKETING DIGITAL (DI)<\/h3>\n        <\/div>\n        <div class=\"face back\">\n            <h3>PIZZER\u00cdA POPULAR Maestros de la Vida<\/h3>\n           \n            <div class=\"link\">\n                <a href=\"https:\/\/www.youtube.com\/watch?v=xGizY6FVhSs\">Ver video<\/a>\n            <\/div>\n        <\/div>\n    <\/div>\n  <\/div>\n    \n    \n<\/componente>\n<\/html>\n<\/div><\/div>\n\n\n\n<div class=\"wp-block-cover alignwide is-light\" style=\"margin-top:0;margin-bottom:0;padding-right:var(--wp--preset--spacing--40);padding-left:var(--wp--preset--spacing--40);min-height:100px;aspect-ratio:unset;\"><span aria-hidden=\"true\" class=\"wp-block-cover__background has-heading-background-color has-background-dim-100 has-background-dim\"><\/span><div class=\"wp-block-cover__inner-container has-global-padding is-layout-constrained wp-container-core-cover-is-layout-2148695f wp-block-cover-is-layout-constrained\">\n<p class=\"has-text-align-center has-text-color has-large-font-size\" style=\"color:#f5f5f5\"><\/p>\n\n\n\n<p>M\u00e1s trabajos de Marketing Digital: <a href=\"https:\/\/www.youtube.com\/watch?v=QIn3bmwpOSk\" data-type=\"link\" data-id=\"https:\/\/www.youtube.com\/watch?v=_hqh0izrJJQ\">BRISKBOX Valle Escondido<\/a>, <a href=\"https:\/\/www.youtube.com\/watch?v=MChyvWHK-Vw\" data-type=\"link\" data-id=\"https:\/\/www.youtube.com\/watch?v=3oejlHK9VG4\">BRISKBOX Tu Mejor versi\u00f3n<\/a>, <a href=\"https:\/\/www.youtube.com\/watch?v=9Fx9-D5oZW8\" data-type=\"link\" data-id=\"https:\/\/www.youtube.com\/watch?v=rHXn6Jg1jn4\">BRISKBOX Musculaci\u00f3n<\/a><\/p>\n\n\n\n<p><\/p>\n<\/div><\/div>\n\n\n\n<div class=\"wp-block-cover alignfull is-light\" style=\"margin-top:0;margin-bottom:0;min-height:158px;aspect-ratio:unset;\"><span aria-hidden=\"true\" class=\"wp-block-cover__background has-heading-background-color has-background-dim-0 has-background-dim\"><\/span><img loading=\"lazy\" decoding=\"async\" width=\"2560\" height=\"404\" class=\"wp-block-cover__image-background wp-image-894\" alt=\"\" src=\"https:\/\/butacaonce.com\/wp-content\/uploads\/2024\/02\/BANNER-03-02-scaled.jpg\" data-object-fit=\"cover\" srcset=\"https:\/\/butacaonce.com\/wp-content\/uploads\/2024\/02\/BANNER-03-02-scaled.jpg 2560w, https:\/\/butacaonce.com\/wp-content\/uploads\/2024\/02\/BANNER-03-02-300x47.jpg 300w, https:\/\/butacaonce.com\/wp-content\/uploads\/2024\/02\/BANNER-03-02-1024x162.jpg 1024w, https:\/\/butacaonce.com\/wp-content\/uploads\/2024\/02\/BANNER-03-02-768x121.jpg 768w, https:\/\/butacaonce.com\/wp-content\/uploads\/2024\/02\/BANNER-03-02-1536x242.jpg 1536w, https:\/\/butacaonce.com\/wp-content\/uploads\/2024\/02\/BANNER-03-02-2048x323.jpg 2048w\" sizes=\"auto, (max-width: 2560px) 100vw, 2560px\" \/><div class=\"wp-block-cover__inner-container has-global-padding is-layout-constrained wp-block-cover-is-layout-constrained\">\n<p class=\"has-text-align-center has-text-color has-large-font-size\" style=\"color:#f5f5f5\"><\/p>\n<\/div><\/div>\n","protected":false},"excerpt":{"rendered":"","protected":false},"author":1,"featured_media":0,"parent":0,"menu_order":0,"comment_status":"closed","ping_status":"closed","template":"","meta":{"footnotes":""},"class_list":["post-616","page","type-page","status-publish","hentry"],"yoast_head":"<!-- This site is optimized with the Yoast SEO plugin v23.3 - https:\/\/yoast.com\/wordpress\/plugins\/seo\/ -->\n<title>- Butaca Once<\/title>\n<meta name=\"robots\" content=\"index, follow, max-snippet:-1, max-image-preview:large, max-video-preview:-1\" \/>\n<link rel=\"canonical\" href=\"https:\/\/butacaonce.com\/index.php\/trabajos\/\" \/>\n<meta property=\"og:locale\" content=\"en_US\" \/>\n<meta property=\"og:type\" content=\"article\" \/>\n<meta property=\"og:title\" content=\"- Butaca Once\" \/>\n<meta property=\"og:url\" content=\"https:\/\/butacaonce.com\/index.php\/trabajos\/\" \/>\n<meta property=\"og:site_name\" content=\"Butaca Once\" \/>\n<meta property=\"article:modified_time\" content=\"2024-02-16T13:11:08+00:00\" \/>\n<meta property=\"og:image\" content=\"https:\/\/butacaonce.com\/wp-content\/uploads\/2023\/09\/B11_brand_cs6-08.png\" \/>\n<meta name=\"twitter:card\" content=\"summary_large_image\" \/>\n<meta name=\"twitter:label1\" content=\"Est. reading time\" \/>\n\t<meta name=\"twitter:data1\" content=\"1 minute\" \/>\n<script type=\"application\/ld+json\" class=\"yoast-schema-graph\">{\"@context\":\"https:\/\/schema.org\",\"@graph\":[{\"@type\":\"WebPage\",\"@id\":\"https:\/\/butacaonce.com\/index.php\/trabajos\/\",\"url\":\"https:\/\/butacaonce.com\/index.php\/trabajos\/\",\"name\":\"- Butaca Once\",\"isPartOf\":{\"@id\":\"https:\/\/butacaonce.com\/#website\"},\"primaryImageOfPage\":{\"@id\":\"https:\/\/butacaonce.com\/index.php\/trabajos\/#primaryimage\"},\"image\":{\"@id\":\"https:\/\/butacaonce.com\/index.php\/trabajos\/#primaryimage\"},\"thumbnailUrl\":\"https:\/\/butacaonce.com\/wp-content\/uploads\/2023\/09\/B11_brand_cs6-08.png\",\"datePublished\":\"2023-09-28T19:01:21+00:00\",\"dateModified\":\"2024-02-16T13:11:08+00:00\",\"inLanguage\":\"en-US\",\"potentialAction\":[{\"@type\":\"ReadAction\",\"target\":[\"https:\/\/butacaonce.com\/index.php\/trabajos\/\"]}]},{\"@type\":\"ImageObject\",\"inLanguage\":\"en-US\",\"@id\":\"https:\/\/butacaonce.com\/index.php\/trabajos\/#primaryimage\",\"url\":\"https:\/\/butacaonce.com\/wp-content\/uploads\/2023\/09\/B11_brand_cs6-08.png\",\"contentUrl\":\"https:\/\/butacaonce.com\/wp-content\/uploads\/2023\/09\/B11_brand_cs6-08.png\",\"width\":222,\"height\":98},{\"@type\":\"WebSite\",\"@id\":\"https:\/\/butacaonce.com\/#website\",\"url\":\"https:\/\/butacaonce.com\/\",\"name\":\"Butaca Once\",\"description\":\"\",\"publisher\":{\"@id\":\"https:\/\/butacaonce.com\/#organization\"},\"potentialAction\":[{\"@type\":\"SearchAction\",\"target\":{\"@type\":\"EntryPoint\",\"urlTemplate\":\"https:\/\/butacaonce.com\/?s={search_term_string}\"},\"query-input\":\"required name=search_term_string\"}],\"inLanguage\":\"en-US\"},{\"@type\":\"Organization\",\"@id\":\"https:\/\/butacaonce.com\/#organization\",\"name\":\"Butaca Once\",\"url\":\"https:\/\/butacaonce.com\/\",\"logo\":{\"@type\":\"ImageObject\",\"inLanguage\":\"en-US\",\"@id\":\"https:\/\/butacaonce.com\/#\/schema\/logo\/image\/\",\"url\":\"https:\/\/butacaonce.com\/wp-content\/uploads\/2023\/08\/cropped-logo-blanco-03.png\",\"contentUrl\":\"https:\/\/butacaonce.com\/wp-content\/uploads\/2023\/08\/cropped-logo-blanco-03.png\",\"width\":240,\"height\":129,\"caption\":\"Butaca Once\"},\"image\":{\"@id\":\"https:\/\/butacaonce.com\/#\/schema\/logo\/image\/\"}}]}<\/script>\n<!-- \/ Yoast SEO plugin. -->","yoast_head_json":{"title":"- Butaca Once","robots":{"index":"index","follow":"follow","max-snippet":"max-snippet:-1","max-image-preview":"max-image-preview:large","max-video-preview":"max-video-preview:-1"},"canonical":"https:\/\/butacaonce.com\/index.php\/trabajos\/","og_locale":"en_US","og_type":"article","og_title":"- Butaca Once","og_url":"https:\/\/butacaonce.com\/index.php\/trabajos\/","og_site_name":"Butaca Once","article_modified_time":"2024-02-16T13:11:08+00:00","og_image":[{"url":"https:\/\/butacaonce.com\/wp-content\/uploads\/2023\/09\/B11_brand_cs6-08.png"}],"twitter_card":"summary_large_image","twitter_misc":{"Est. reading time":"1 minute"},"schema":{"@context":"https:\/\/schema.org","@graph":[{"@type":"WebPage","@id":"https:\/\/butacaonce.com\/index.php\/trabajos\/","url":"https:\/\/butacaonce.com\/index.php\/trabajos\/","name":"- Butaca Once","isPartOf":{"@id":"https:\/\/butacaonce.com\/#website"},"primaryImageOfPage":{"@id":"https:\/\/butacaonce.com\/index.php\/trabajos\/#primaryimage"},"image":{"@id":"https:\/\/butacaonce.com\/index.php\/trabajos\/#primaryimage"},"thumbnailUrl":"https:\/\/butacaonce.com\/wp-content\/uploads\/2023\/09\/B11_brand_cs6-08.png","datePublished":"2023-09-28T19:01:21+00:00","dateModified":"2024-02-16T13:11:08+00:00","inLanguage":"en-US","potentialAction":[{"@type":"ReadAction","target":["https:\/\/butacaonce.com\/index.php\/trabajos\/"]}]},{"@type":"ImageObject","inLanguage":"en-US","@id":"https:\/\/butacaonce.com\/index.php\/trabajos\/#primaryimage","url":"https:\/\/butacaonce.com\/wp-content\/uploads\/2023\/09\/B11_brand_cs6-08.png","contentUrl":"https:\/\/butacaonce.com\/wp-content\/uploads\/2023\/09\/B11_brand_cs6-08.png","width":222,"height":98},{"@type":"WebSite","@id":"https:\/\/butacaonce.com\/#website","url":"https:\/\/butacaonce.com\/","name":"Butaca Once","description":"","publisher":{"@id":"https:\/\/butacaonce.com\/#organization"},"potentialAction":[{"@type":"SearchAction","target":{"@type":"EntryPoint","urlTemplate":"https:\/\/butacaonce.com\/?s={search_term_string}"},"query-input":"required name=search_term_string"}],"inLanguage":"en-US"},{"@type":"Organization","@id":"https:\/\/butacaonce.com\/#organization","name":"Butaca Once","url":"https:\/\/butacaonce.com\/","logo":{"@type":"ImageObject","inLanguage":"en-US","@id":"https:\/\/butacaonce.com\/#\/schema\/logo\/image\/","url":"https:\/\/butacaonce.com\/wp-content\/uploads\/2023\/08\/cropped-logo-blanco-03.png","contentUrl":"https:\/\/butacaonce.com\/wp-content\/uploads\/2023\/08\/cropped-logo-blanco-03.png","width":240,"height":129,"caption":"Butaca Once"},"image":{"@id":"https:\/\/butacaonce.com\/#\/schema\/logo\/image\/"}}]}},"_links":{"self":[{"href":"https:\/\/butacaonce.com\/index.php\/wp-json\/wp\/v2\/pages\/616","targetHints":{"allow":["GET"]}}],"collection":[{"href":"https:\/\/butacaonce.com\/index.php\/wp-json\/wp\/v2\/pages"}],"about":[{"href":"https:\/\/butacaonce.com\/index.php\/wp-json\/wp\/v2\/types\/page"}],"author":[{"embeddable":true,"href":"https:\/\/butacaonce.com\/index.php\/wp-json\/wp\/v2\/users\/1"}],"replies":[{"embeddable":true,"href":"https:\/\/butacaonce.com\/index.php\/wp-json\/wp\/v2\/comments?post=616"}],"version-history":[{"count":81,"href":"https:\/\/butacaonce.com\/index.php\/wp-json\/wp\/v2\/pages\/616\/revisions"}],"predecessor-version":[{"id":906,"href":"https:\/\/butacaonce.com\/index.php\/wp-json\/wp\/v2\/pages\/616\/revisions\/906"}],"wp:attachment":[{"href":"https:\/\/butacaonce.com\/index.php\/wp-json\/wp\/v2\/media?parent=616"}],"curies":[{"name":"wp","href":"https:\/\/api.w.org\/{rel}","templated":true}]}}